{"id":1088,"date":"2020-10-01T11:04:17","date_gmt":"2020-10-01T11:04:17","guid":{"rendered":"http:\/\/clj.ee\/fi\/?page_id=1088"},"modified":"2022-01-26T10:09:26","modified_gmt":"2022-01-26T10:09:26","slug":"tootajale","status":"publish","type":"page","link":"https:\/\/clj.ee\/fi\/tootajale\/","title":{"rendered":"Ty\u00f6ntekij\u00e4lle"},"content":{"rendered":"<div id='av-layout-grid-1'  class='av-layout-grid-container entry-content-wrapper main_color av-flex-cells     avia-builder-el-0  el_before_av_postcontent  avia-builder-el-first  container_wrap sidebar_right' style=' '  >\n<div class=\"flex_cell no_margin av_one_full  avia-builder-el-1  avia-builder-el-no-sibling   \" ><div class='flex_cell_inner' ><p><div  style='padding-bottom:20px; color:#0a0a0a;font-size:40px;' class='av-special-heading av-special-heading-h1 custom-color-heading blockquote modern-quote modern-centered  avia-builder-el-2  el_before_av_one_fifth  avia-builder-el-first  av-inherit-size '><h1 class='av-special-heading-tag '  itemprop=\"headline\"  >Ty\u00f6ntekij\u00e4lle<\/h1><div class='special-heading-border'><div class='special-heading-inner-border' style='border-color:#0a0a0a'><\/div><\/div><\/div><br \/>\n<div class='flex_column_table av-equal-height-column-flextable -flextable' ><div class=\"flex_column av_one_fifth  flex_column_table_cell av-equal-height-column av-align-middle av-zero-column-padding first  avia-builder-el-3  el_after_av_heading  el_before_av_three_fifth  \" style='border-radius:0px; '><\/div><div class='av-flex-placeholder'><\/div><div class=\"flex_column av_three_fifth  flex_column_table_cell av-equal-height-column av-align-middle   avia-builder-el-4  el_after_av_one_fifth  el_before_av_one_fifth  \" style='border-width:10px; border-color:#e0e0e0; border-style:solid; padding:30px; border-radius:0px; '><p><div  style='padding-bottom:10px; font-size:30px;' class='av-special-heading av-special-heading-h1  blockquote modern-quote modern-centered  avia-builder-el-5  el_before_av_hr  avia-builder-el-first  av-inherit-size '><h1 class='av-special-heading-tag '  itemprop=\"headline\"  >Ty\u00f6ntekij\u00e4n hakemuslomake<\/h1><div class ='av-subheading av-subheading_below  ' style='font-size:15px;'><p>Jos haluat aloittaa ty\u00f6skentelyn, t\u00e4yt\u00e4 alla oleva lomake.<br \/>\n* T\u00e4hdell\u00e4 merkityt kent\u00e4t ovat pakollisia.<\/p>\n<\/div><div class='special-heading-border'><div class='special-heading-inner-border' ><\/div><\/div><\/div><br \/>\n<div   class='hr hr-default   avia-builder-el-6  el_after_av_heading  el_before_av_contact '><span class='hr-inner ' ><span class='hr-inner-style'><\/span><\/span><\/div><br \/>\n<form action=\"https:\/\/clj.ee\/fi\/tootajale\/\" method=\"post\"  class=\"avia_ajax_form av-form-labels-visible   avia-builder-el-7  el_after_av_hr  avia-builder-el-last   \" data-avia-form-id=\"1\" data-avia-redirect='' ><fieldset><p class='  first_form  form_element form_element_two_third' id='element_avia_1_1'><label for=\"avia_1_1\">Etu- ja sukunimi <abbr class=\"required\" title=\"required\">*<\/abbr><\/label> <input name=\"avia_1_1\" class=\"text_input is_empty\" type=\"text\" id=\"avia_1_1\" value=\"\" \/><\/p><p class='  form_element form_element_third' id='element_avia_2_1'><label for=\"avia_2_1\">Syntym\u00e4aika <abbr class=\"required\" title=\"required\">*<\/abbr><\/label> <input name=\"avia_2_1\" class=\"text_input is_empty\" type=\"text\" id=\"avia_2_1\" value=\"\" \/><\/p><p class='  first_form  form_element form_element_half' id='element_avia_3_1'><label for=\"avia_3_1\">Puhelin <abbr class=\"required\" title=\"required\">*<\/abbr><\/label> <input name=\"avia_3_1\" class=\"text_input is_empty\" type=\"text\" id=\"avia_3_1\" value=\"\" \/><\/p><p class='  form_element form_element_half' id='element_avia_4_1'><label for=\"avia_4_1\">S\u00e4hk\u00f6posti  <abbr class=\"required\" title=\"required\">*<\/abbr><\/label> <input name=\"avia_4_1\" class=\"text_input is_email\" type=\"text\" id=\"avia_4_1\" value=\"\" \/><\/p><p class='  first_form  form_element form_element_two_third' id='element_avia_5_1'><label for=\"avia_5_1\">Asuinmaa  <abbr class=\"required\" title=\"required\">*<\/abbr><\/label> <input name=\"avia_5_1\" class=\"text_input is_empty\" type=\"text\" id=\"avia_5_1\" value=\"\" \/><\/p><p class='  form_element form_element_third' id='element_avia_6_1'><label for=\"avia_6_1\">Ajokorttiluokat<\/label> <input name=\"avia_6_1\" class=\"text_input \" type=\"text\" id=\"avia_6_1\" value=\"\" \/><\/p><p class=' first_form  form_element form_element_third' id='element_avia_7_1'><label for=\"avia_7_1\">Ty\u00f6kalut<\/label> <select  name=\"avia_7_1\" class=\"select \" id=\"avia_7_1\"><option  value ='Kyll\u00e4'>Kyll\u00e4<\/option><option  value ='Ei'>Ei<\/option><\/select><\/p><p class=' form_element form_element_third' id='element_avia_8_1'><label for=\"avia_8_1\">Tulity\u00f6kortti<\/label> <select  name=\"avia_8_1\" class=\"select \" id=\"avia_8_1\"><option  value ='Kyll\u00e4'>Kyll\u00e4<\/option><option  value ='Ei'>Ei<\/option><\/select><\/p><p class=' form_element form_element_third' id='element_avia_9_1'><label for=\"avia_9_1\">Ty\u00f6turvallisuuskortti<\/label> <select  name=\"avia_9_1\" class=\"select \" id=\"avia_9_1\"><option  value ='Kyll\u00e4'>Kyll\u00e4<\/option><option  value ='Ei'>Ei<\/option><\/select><\/p><p class='  first_form  form_element form_element_half' id='element_avia_10_1'><label for=\"avia_10_1\" class=\"textare_label hidden textare_label_avia_10_1\">P\u00e4tevyystodistukset<\/label><textarea  name=\"avia_10_1\" class=\"text_area \" cols=\"40\" rows=\"7\" id=\"avia_10_1\" ><\/textarea><\/p><p class='  form_element form_element_half' id='element_avia_11_1'><label for=\"avia_11_1\" class=\"textare_label hidden textare_label_avia_11_1\">Kielitaito (kieli, taitotaso)  <abbr class=\"required\" title=\"required\">*<\/abbr><\/label><textarea  name=\"avia_11_1\" class=\"text_area is_empty\" cols=\"40\" rows=\"7\" id=\"avia_11_1\" ><\/textarea><\/p><p class='  first_form  form_element form_element_half' id='element_avia_12_1'><label for=\"avia_12_1\" class=\"textare_label hidden textare_label_avia_12_1\">Koulutus (koulu, erikoisuus, opiskeluaika)  <abbr class=\"required\" title=\"required\">*<\/abbr><\/label><textarea  name=\"avia_12_1\" class=\"text_area is_empty\" cols=\"40\" rows=\"7\" id=\"avia_12_1\" ><\/textarea><\/p><p class='  form_element form_element_half' id='element_avia_13_1'><label for=\"avia_13_1\" class=\"textare_label hidden textare_label_avia_13_1\">Ty\u00f6kokemus (ty\u00f6nantaja, erikoisuus, ty\u00f6aika)  <abbr class=\"required\" title=\"required\">*<\/abbr><\/label><textarea  name=\"avia_13_1\" class=\"text_area is_empty\" cols=\"40\" rows=\"7\" id=\"avia_13_1\" ><\/textarea><\/p><p class='  first_form  form_element form_fullwidth av-last-visible-form-element' id='element_avia_14_1'><label for=\"avia_14_1\" class=\"textare_label hidden textare_label_avia_14_1\">Kirjoita lyhyesti, mit\u00e4 pid\u00e4t t\u00e4rke\u00e4n\u00e4 ja miss\u00e4 maissa olet ty\u00f6skennellyt<\/label><textarea  name=\"avia_14_1\" class=\"text_area \" cols=\"40\" rows=\"7\" id=\"avia_14_1\" ><\/textarea><\/p><p class=\"hidden\"><input type=\"text\" name=\"avia_15_1\" class=\"hidden \" id=\"avia_15_1\" value=\"\" \/><\/p><p class=\"form_element \"><input type=\"hidden\" value=\"1\" name=\"avia_generated_form1\" \/><input type=\"submit\" value=\"L\u00e4het\u00e4\" class=\"button\"  data-sending-label=\"Sending\"\/><\/p><\/fieldset><\/form><div id=\"ajaxresponse_1\" class=\"ajaxresponse ajaxresponse_1 hidden\"><\/div><\/p><\/div><div class='av-flex-placeholder'><\/div><div class=\"flex_column av_one_fifth  flex_column_table_cell av-equal-height-column av-align-middle av-zero-column-padding   avia-builder-el-8  el_after_av_three_fifth  avia-builder-el-last  \" style='border-radius:0px; '><\/div><\/div><!--close column table wrapper. Autoclose: 1 --><\/p>\n<\/div><\/div><\/div>[av_section min_height='' min_height_pc='25' min_height_px='500px' padding='huge' custom_margin='0px' custom_margin_sync='true' color='main_color' background='bg_color' custom_bg='#eaeaea' background_gradient_color1='' background_gradient_color2='' background_gradient_direction='vertical' src='http:\/\/clj.ee\/fi\/wp-content\/uploads\/2020\/09\/grey-abstract-bg.png' attachment='1046' attachment_size='full' attach='scroll' position='bottom right' repeat='stretch' video='' video_ratio='16:9' overlay_opacity='0.5' overlay_color='' overlay_pattern='' overlay_custom_pattern='' shadow='no-border-styling' bottom_border='no-border-styling' bottom_border_diagonal_color='#333333' bottom_border_diagonal_direction='' bottom_border_style='' custom_arrow_bg='' id='kontakt' custom_class='' aria_label='' av_element_hidden_in_editor='0' av_uid='av-m3h7f']\r\n\r\n[av_two_fifth first min_height='av-equal-height-column' vertical_alignment='av-align-middle' space='' row_boxshadow_color='' row_boxshadow_width='10' margin='0px' margin_sync='true' mobile_breaking='' border='' border_color='' radius='0px' radius_sync='true' padding='0px' padding_sync='true' column_boxshadow_color='' column_boxshadow_width='10' background='bg_color' background_color='' background_gradient_color1='' background_gradient_color2='' background_gradient_direction='vertical' src='' attachment='' attachment_size='' background_position='top left' background_repeat='no-repeat' highlight_size='1.1' animation='' link='' linktarget='' link_hover='' title_attr='' alt_attr='' mobile_display='' id='' custom_class='' aria_label='' av_uid='av-df5dn']\r\n\r\n[av_textblock size='' av-medium-font-size='' av-small-font-size='' av-mini-font-size='' font_color='' color='' id='' custom_class='' av_uid='av-z9x7' admin_preview_bg='']\r\n<h2><strong>CLJ Services O\u00dc<\/strong><\/h2>\r\n<strong>Reg. koodi:<\/strong> 11032150 \/\u00a0Suomessa: Y-2088584-6\r\n<strong>KMKR:<\/strong> EE100926631\r\n<strong> Osoite:<\/strong> Malm\u00f6 21, P\u00e4rnu, Viro\r\n<strong>S-posti:<\/strong> info@clj.ee\r\n\r\n<strong>Johtaja:<\/strong> +372 5556 9809 | inge@clj.ee\r\n<strong>Sihteeri:<\/strong> +372 5359 3910 | merle@clj.ee\r\n<strong>Kirjanpit\u00e4j\u00e4 apulainen:<\/strong> +372 5554 5671 | piret@clj.ee\r\n<strong>Kirjanpit\u00e4j\u00e4:<\/strong> +372 5343 5987 | raamat@clj.ee\r\n<strong>Myyntip\u00e4\u00e4llikk\u00f6:\u00a0<\/strong>+358 4017 30070 | tomi@clj.ee\r\n+358 4035 06923 | artur@clj.ee\r\n[\/av_textblock]\r\n\r\n[\/av_two_fifth][av_one_fourth min_height='av-equal-height-column' vertical_alignment='av-align-middle' space='' row_boxshadow_color='' row_boxshadow_width='10' margin='0px' margin_sync='true' mobile_breaking='' border='' border_color='' radius='0px' radius_sync='true' padding='0px' padding_sync='true' column_boxshadow_color='' column_boxshadow_width='10' background='bg_color' background_color='' background_gradient_color1='' background_gradient_color2='' background_gradient_direction='vertical' src='' attachment='' attachment_size='' background_position='top left' background_repeat='no-repeat' highlight_size='1.1' animation='' link='' linktarget='' link_hover='' title_attr='' alt_attr='' mobile_display='' id='' custom_class='' aria_label='' av_uid='av-df5dn']\r\n\r\n[av_image src='http:\/\/clj.ee\/fi\/wp-content\/uploads\/2020\/10\/CLJ-S-logo.png' attachment='1140' attachment_size='full' copyright='' caption='' styling='' align='center' font_size='' overlay_opacity='0.4' overlay_color='#000000' overlay_text_color='#ffffff' animation='no-animation' hover='' appearance='' link='' target='' id='' custom_class='' av_element_hidden_in_editor='0' av_uid='av-kfqr60bn' admin_preview_bg=''][\/av_image]\r\n\r\n[\/av_one_fourth][av_one_third min_height='' vertical_alignment='' space='' row_boxshadow='' row_boxshadow_color='' row_boxshadow_width='10' custom_margin='' margin='0px' mobile_breaking='' border='' border_color='' radius='0px' padding='0px' column_boxshadow='' column_boxshadow_color='' column_boxshadow_width='10' background='bg_color' background_color='' background_gradient_color1='' background_gradient_color2='' background_gradient_direction='vertical' src='' background_position='top left' background_repeat='no-repeat' highlight='' highlight_size='' animation='' link='' linktarget='' link_hover='' title_attr='' alt_attr='' mobile_display='' id='' custom_class='' aria_label='' av_uid='av-df5dn']\r\n\r\n[av_image src='http:\/\/clj.ee\/fi\/wp-content\/uploads\/2020\/10\/kleebised.jpg' attachment='1121' attachment_size='full' copyright='' caption='' styling='' align='center' font_size='' overlay_opacity='0.4' overlay_color='#000000' overlay_text_color='#ffffff' animation='no-animation' hover='' appearance='' link='' target='' id='' custom_class='' av_element_hidden_in_editor='0' av_uid='av-kfqr60bn' admin_preview_bg=''][\/av_image]\r\n\r\n[\/av_one_third][\/av_section]<\/p>\n","protected":false},"excerpt":{"rendered":"","protected":false},"author":1,"featured_media":0,"parent":0,"menu_order":0,"comment_status":"closed","ping_status":"closed","template":"","meta":{"footnotes":""},"class_list":["post-1088","page","type-page","status-publish","hentry"],"_links":{"self":[{"href":"https:\/\/clj.ee\/fi\/wp-json\/wp\/v2\/pages\/1088","targetHints":{"allow":["GET"]}}],"collection":[{"href":"https:\/\/clj.ee\/fi\/wp-json\/wp\/v2\/pages"}],"about":[{"href":"https:\/\/clj.ee\/fi\/wp-json\/wp\/v2\/types\/page"}],"author":[{"embeddable":true,"href":"https:\/\/clj.ee\/fi\/wp-json\/wp\/v2\/users\/1"}],"replies":[{"embeddable":true,"href":"https:\/\/clj.ee\/fi\/wp-json\/wp\/v2\/comments?post=1088"}],"version-history":[{"count":16,"href":"https:\/\/clj.ee\/fi\/wp-json\/wp\/v2\/pages\/1088\/revisions"}],"predecessor-version":[{"id":1258,"href":"https:\/\/clj.ee\/fi\/wp-json\/wp\/v2\/pages\/1088\/revisions\/1258"}],"wp:attachment":[{"href":"https:\/\/clj.ee\/fi\/wp-json\/wp\/v2\/media?parent=1088"}],"curies":[{"name":"wp","href":"https:\/\/api.w.org\/{rel}","templated":true}]}}