{"id":143,"date":"2016-05-19T17:13:20","date_gmt":"2016-05-19T17:13:20","guid":{"rendered":"http:\/\/test.kriesi.at\/enfold-health-coach\/?page_id=143"},"modified":"2025-05-16T10:10:13","modified_gmt":"2025-05-16T10:10:13","slug":"home","status":"publish","type":"page","link":"https:\/\/clj.ee\/fi\/","title":{"rendered":"Home"},"content":{"rendered":"<div id='ettevottest'  class='avia-section main_color avia-section-default avia-no-border-styling  avia-full-stretch avia-bg-style-scroll  avia-builder-el-0  el_before_av_section  avia-builder-el-first   av-small-hide av-mini-hide av-minimum-height av-minimum-height-100  container_wrap sidebar_right' style='background-repeat: no-repeat; background-image: url(https:\/\/clj.ee\/fi\/wp-content\/uploads\/2020\/09\/clj_taust.jpg);background-attachment: scroll; background-position: center right;  '  data-section-bg-repeat='stretch' data-av_minimum_height_pc='100'><div class='container' ><main  role=\"main\" itemprop=\"mainContentOfPage\"  class='template-page content  av-content-small alpha units'><div class='post-entry post-entry-type-page post-entry-143'><div class='entry-content-wrapper clearfix'>\n<div class=\"flex_column av_one_half  flex_column_div av-zero-column-padding first  avia-builder-el-1  el_before_av_one_half  avia-builder-el-first  \" style='border-radius:0px; '><p><div  style='padding-bottom:20px; font-size:50px;' class='av-special-heading av-special-heading-h1 custom-color-heading blockquote modern-quote  avia-builder-el-2  el_before_av_textblock  avia-builder-el-first  av-inherit-size '><h1 class='av-special-heading-tag '  itemprop=\"headline\"  ><b>Ty\u00f6voiman vuokraus<\/b><\/h1><div class='special-heading-border'><div class='special-heading-inner-border' ><\/div><\/div><\/div><br \/>\n<section class=\"av_textblock_section \"  itemscope=\"itemscope\" itemtype=\"https:\/\/schema.org\/CreativeWork\" ><div class='avia_textblock  '  style='font-size:17px; '  itemprop=\"text\" ><p><strong>Henkil\u00f6st\u00f6vuokraus CLJ Services O\u00dc-lt\u00e4 on helppo, nopea ja s\u00e4\u00e4steli\u00e4s tapa l\u00f6yt\u00e4\u00e4 luotettava ammattilaisty\u00f6ntekij\u00e4.<\/strong><\/p>\n<\/div><\/section><br \/>\n<div  class='avia-button-wrap avia-button-left  avia-builder-el-4  el_after_av_textblock  avia-builder-el-last ' ><a href='#visioon'  class='avia-button av-icon-on-hover  avia-icon_select-yes-right-icon avia-color-theme-color avia-size-large avia-position-left '   ><span class='avia_iconbox_title' >Yrityksest\u00e4<\/span><span class='avia_button_icon avia_button_icon_right' aria-hidden='true' data-av_icon='\ue832' data-av_iconfont='entypo-fontello'><\/span><\/a><\/div><\/p><\/div><div class=\"flex_column av_one_half  flex_column_div av-zero-column-padding   avia-builder-el-5  el_after_av_one_half  avia-builder-el-last  \" style='border-radius:0px; '><\/div>\n\n<\/div><\/div><\/main><!-- close content main element --><\/div><\/div><div id='ettevottest'  class='avia-section main_color avia-section-default avia-no-border-styling  avia-full-stretch av-section-color-overlay-active avia-bg-style-scroll  avia-builder-el-6  el_after_av_section  el_before_av_layout_row   av-desktop-hide av-medium-hide av-minimum-height av-minimum-height-100  container_wrap sidebar_right' style='background-repeat: no-repeat; background-image: url(https:\/\/clj.ee\/fi\/wp-content\/uploads\/2020\/09\/clj_taust.jpg);background-attachment: scroll; background-position: center right;  '  data-section-bg-repeat='stretch' data-av_minimum_height_pc='100'><div class='av-section-color-overlay-wrap'><div class='av-section-color-overlay' style='opacity: 0.3; background-color: #0a0a0a; '><\/div><div class='container' ><div class='template-page content  av-content-small alpha units'><div class='post-entry post-entry-type-page post-entry-143'><div class='entry-content-wrapper clearfix'>\n<div class=\"flex_column av_one_half  flex_column_div av-zero-column-padding first  avia-builder-el-7  el_before_av_one_half  avia-builder-el-first  \" style='border-radius:0px; '><p><div  style='padding-bottom:20px; color:#ffffff;font-size:50px;' class='av-special-heading av-special-heading-h1 custom-color-heading blockquote modern-quote  avia-builder-el-8  el_before_av_textblock  avia-builder-el-first  av-thin-font av-inherit-size '><h1 class='av-special-heading-tag '  itemprop=\"headline\"  ><strong>Ty\u00f6voiman vuokraus<\/strong><\/h1><div class='special-heading-border'><div class='special-heading-inner-border' style='border-color:#ffffff'><\/div><\/div><\/div><br \/>\n<section class=\"av_textblock_section \"  itemscope=\"itemscope\" itemtype=\"https:\/\/schema.org\/CreativeWork\" ><div class='avia_textblock  av_inherit_color '  style='font-size:17px; color:#ffffff; '  itemprop=\"text\" ><p><strong>Henkil\u00f6st\u00f6vuokraus CLJ Services O\u00dc-lt\u00e4 on helppo, nopea ja s\u00e4\u00e4steli\u00e4s tapa l\u00f6yt\u00e4\u00e4 luotettava ammattilaisty\u00f6ntekij\u00e4.<\/strong><\/p>\n<\/div><\/section><br \/>\n<div  class='avia-button-wrap avia-button-left  avia-builder-el-10  el_after_av_textblock  avia-builder-el-last ' ><a href='#visioon'  class='avia-button av-icon-on-hover  avia-icon_select-yes-right-icon avia-color-theme-color avia-size-large avia-position-left '   ><span class='avia_iconbox_title' >Yrityksest\u00e4<\/span><span class='avia_button_icon avia_button_icon_right' aria-hidden='true' data-av_icon='\ue832' data-av_iconfont='entypo-fontello'><\/span><\/a><\/div><\/p><\/div><div class=\"flex_column av_one_half  flex_column_div av-zero-column-padding   avia-builder-el-11  el_after_av_one_half  avia-builder-el-last  \" style='border-radius:0px; '><\/div>\n\n<\/div><\/div><\/div><!-- close content main div --><\/div><\/div><\/div><div id='visioon'  class='av-layout-grid-container entry-content-wrapper main_color av-flex-cells     avia-builder-el-12  el_after_av_section  el_before_av_layout_row  submenu-not-first container_wrap sidebar_right' style=' '  >\n<div class=\"flex_cell no_margin av_one_full  avia-builder-el-13  avia-builder-el-no-sibling   \"  style='height:400px; min-height:400px;background: #03398a; vertical-align:middle; padding:100px; background-color:#03398a; ' ><div class='flex_cell_inner' ><p><div class='flex_column_table av-equal-height-column-flextable -flextable' ><div class=\"flex_column av_one_third  flex_column_table_cell av-equal-height-column av-align-middle av-zero-column-padding first  avia-builder-el-14  el_before_av_two_third  avia-builder-el-first  \" style='border-radius:0px; '><span  class=\"av_font_icon avia_animate_when_visible av-icon-style-  avia-icon-pos-center \" style=\"color:#ffffff; border-color:#ffffff;\"><span class='av-icon-char' style='font-size:150px;line-height:150px;' aria-hidden='true' data-av_icon='\ue80b' data-av_iconfont='entypo-fontello' ><\/span><\/span><\/div><div class='av-flex-placeholder'><\/div><div class=\"flex_column av_two_third  flex_column_table_cell av-equal-height-column av-align-middle av-zero-column-padding   avia-builder-el-16  el_after_av_one_third  avia-builder-el-last  \" style='border-radius:0px; '><p><div  style='padding-bottom:10px; color:#ffffff;font-size:35px;' class='av-special-heading av-special-heading-h1 custom-color-heading blockquote modern-quote  avia-builder-el-17  el_before_av_textblock  avia-builder-el-first  av-inherit-size '><h1 class='av-special-heading-tag '  itemprop=\"headline\"  >Yrityksen visio<\/h1><div class='special-heading-border'><div class='special-heading-inner-border' style='border-color:#ffffff'><\/div><\/div><\/div><br \/>\n<section class=\"av_textblock_section \"  itemscope=\"itemscope\" itemtype=\"https:\/\/schema.org\/CreativeWork\" ><div class='avia_textblock  av_inherit_color '  style='color:#ffffff; '  itemprop=\"text\" ><p>CLJ Services O\u00dc on virolainen vuonna 2004 perustettu yritys, joka on erikoistunut ty\u00f6voiman vuokraamiseen ja v\u00e4litykseen. Keskitymme ty\u00f6voimapulan lievitt\u00e4miseen kaikkialla Euroopassa. Toimimme p\u00e4\u00e4asiassa laivanrakennus- ja metalliteollisuuden yrityksiss\u00e4.<\/p>\n<p>Tarjoamme asiakkaillemme ty\u00f6voimaa sek\u00e4 v\u00e4liaikaisiin ett\u00e4 pitk\u00e4aikaisiin tarpeisiin. Rekrytoimme ty\u00f6ntekij\u00f6it\u00e4 Euroopan unionin maista ja my\u00f6s Euroopan ulkopuolelta. Ty\u00f6llist\u00e4mme Viron, Liettuan, Latvian, Romanian, Ven\u00e4j\u00e4n ja Ukrainan kansalaisia.<\/p>\n<\/div><\/section><\/p><\/div><\/div><!--close column table wrapper. Autoclose: 1 --><\/p>\n<\/div><\/div>\n<\/div>\n<div id='tegevus'  class='av-layout-grid-container entry-content-wrapper main_color av-flex-cells     avia-builder-el-19  el_after_av_layout_row  el_before_av_layout_row  submenu-not-first container_wrap sidebar_right' style=' '  >\n<div class=\"flex_cell no_margin av_one_full  avia-builder-el-20  avia-builder-el-no-sibling   avia-full-stretch \"  style='height:400px; min-height:400px;background: #ffffff; vertical-align:middle; padding:100px; background-color:#ffffff; ' ><div class='flex_cell_inner' ><p><div class='flex_column_table av-equal-height-column-flextable -flextable' ><div class=\"flex_column av_two_third  flex_column_table_cell av-equal-height-column av-align-middle av-zero-column-padding first  avia-builder-el-21  el_before_av_one_fifth  avia-builder-el-first  \" style='border-radius:0px; '><p><div  style='padding-bottom:10px; color:#03398a;font-size:35px;' class='av-special-heading av-special-heading-h1 custom-color-heading blockquote modern-quote  avia-builder-el-22  el_before_av_textblock  avia-builder-el-first  av-inherit-size '><h1 class='av-special-heading-tag '  itemprop=\"headline\"  >Toiminnan historia<\/h1><div class='special-heading-border'><div class='special-heading-inner-border' style='border-color:#03398a'><\/div><\/div><\/div><br \/>\n<section class=\"av_textblock_section \"  itemscope=\"itemscope\" itemtype=\"https:\/\/schema.org\/CreativeWork\" ><div class='avia_textblock  av_inherit_color '  style='color:#03398a; '  itemprop=\"text\" ><p>Vuodesta 2004 olemme tehneet mittavaa hitsausty\u00f6t\u00e4 meriteollisuudessa Helsingiss\u00e4, Turussa ja Raumalla. Vuodesta 2006 l\u00e4htien olemme laajentaneet laivanrakennustoimintaamme kaikkialla Euroopassa. Olemme rakentaneet aluksia Suomeen, Ranskaan, Saksaan, Espanjaan, Dubaihin. Meill\u00e4 on ammattitaitoisia hitsaajia \/ putkihitsaajia, putkiasentajia ja asentajia, jotka on hyv\u00e4ksytty 15 vuoden ajan. Teemme kaikkia laivanrakennus- ja korjaust\u00f6it\u00e4, kuten lohkot\u00f6it\u00e4, putkistoja, ilmanvaihtoasennuksia, kaapelikuljetuksia, sis\u00e4t\u00f6it\u00e4 ja siivoust\u00f6it\u00e4. Vuonna 2018 laajensimme toimintaamme my\u00f6s metallipintak\u00e4sittelyihin. Palveluksessamme on suuri m\u00e4\u00e4r\u00e4 maalareita, joiden teht\u00e4viin kuuluu hiekkapuhallus, korkeapaineruiskumaalaus ja tavanomainen maalaus.<\/p>\n<\/div><\/section><\/p><\/div><div class='av-flex-placeholder'><\/div><div class=\"flex_column av_one_fifth  flex_column_table_cell av-equal-height-column av-align-middle av-zero-column-padding   avia-builder-el-24  el_after_av_two_third  avia-builder-el-last  \" style='border-radius:0px; '><div  class='avia-image-container avia_animated_image avia_animate_when_almost_visible fade-in av-styling-    avia-builder-el-25  avia-builder-el-no-sibling  avia-align-center '  itemprop=\"image\" itemscope=\"itemscope\" itemtype=\"https:\/\/schema.org\/ImageObject\"  ><div class='avia-image-container-inner'><div class='avia-image-overlay-wrap'><a href='https:\/\/clj.ee\/fi\/wp-content\/uploads\/2025\/05\/EEV-fi-727x1030.jpg' class='avia_image'  ><img class='avia_image ' src='https:\/\/clj.ee\/fi\/wp-content\/uploads\/2025\/05\/EEV-fi.jpg' alt='' title=''  itemprop=\"thumbnailUrl\"  \/><\/a><\/div><\/div><\/div><\/div><\/div><!--close column table wrapper. Autoclose: 1 --><\/p>\n<\/div><\/div><\/div><div id='arenguplaan'  class='av-layout-grid-container entry-content-wrapper main_color av-flex-cells     avia-builder-el-26  el_after_av_layout_row  el_before_av_section  submenu-not-first container_wrap sidebar_right' style=' '  >\n<div class=\"flex_cell no_margin av_one_full  avia-builder-el-27  avia-builder-el-no-sibling   avia-full-stretch \"  style='height:400px; min-height:400px;background:url(https:\/\/clj.ee\/fi\/wp-content\/uploads\/2020\/09\/taust3.jpg) top left no-repeat scroll; vertical-align:middle; padding:100px; ' ><div class='flex_cell_inner' ><p><div class='flex_column_table av-equal-height-column-flextable -flextable' ><div class=\"flex_column av_one_third  flex_column_table_cell av-equal-height-column av-align-middle av-zero-column-padding first  avia-builder-el-28  el_before_av_two_third  avia-builder-el-first  \" style='border-radius:0px; '><\/div><div class='av-flex-placeholder'><\/div><div class=\"flex_column av_two_third  flex_column_table_cell av-equal-height-column av-align-middle av-zero-column-padding   avia-builder-el-29  el_after_av_one_third  avia-builder-el-last  \" style='border-radius:0px; '><p><div  style='padding-bottom:10px; color:#03398a;font-size:35px;' class='av-special-heading av-special-heading-h1 custom-color-heading blockquote modern-quote  avia-builder-el-30  el_before_av_textblock  avia-builder-el-first  av-inherit-size '><h1 class='av-special-heading-tag '  itemprop=\"headline\"  >Kehityssuunnitelmat<\/h1><div class='special-heading-border'><div class='special-heading-inner-border' style='border-color:#03398a'><\/div><\/div><\/div><br \/>\n<section class=\"av_textblock_section \"  itemscope=\"itemscope\" itemtype=\"https:\/\/schema.org\/CreativeWork\" ><div class='avia_textblock  av_inherit_color '  style='color:#03398a; '  itemprop=\"text\" ><p>Aloitimme toimintamme vuonna 2004 kuudella ty\u00f6ntekij\u00e4ll\u00e4, vuonna 2009 yrityksess\u00e4mme oli jo 100 ty\u00f6ntekij\u00e4\u00e4. Yleinen talouskriisi ei ole vaikuttanut yrityksemme toimintaan kovinkaan paljon, joten rohkenemme suunnitella yhteisty\u00f6t\u00e4 erilaisten eurooppalaisten yritysten, kuten espanjalaisen telakkateollisuusyrityksen sek\u00e4 my\u00f6s korealaisen yrityksen kanssa. Kaikki yhteisty\u00f6tarjoukset ovat tervetulleita.<\/p>\n<\/div><\/section><\/p><\/div><\/div><!--close column table wrapper. Autoclose: 1 --><\/p>\n<\/div><\/div>\n<\/div><\/p>\n<div id='av_section_3'  class='avia-section main_color avia-section-default avia-no-border-styling  avia-bg-style-scroll  avia-builder-el-32  el_after_av_layout_row  el_before_av_postcontent   container_wrap sidebar_right' style=' '  ><div class='container' ><div class='template-page content  av-content-small alpha units'><div class='post-entry post-entry-type-page post-entry-143'><div class='entry-content-wrapper clearfix'>\n[av_section min_height='' min_height_pc='25' min_height_px='500px' padding='huge' custom_margin='0px' custom_margin_sync='true' color='main_color' background='bg_color' custom_bg='#eaeaea' background_gradient_color1='' background_gradient_color2='' background_gradient_direction='vertical' src='http:\/\/clj.ee\/fi\/wp-content\/uploads\/2020\/09\/grey-abstract-bg.png' attachment='1046' attachment_size='full' attach='scroll' position='bottom right' repeat='stretch' video='' video_ratio='16:9' overlay_opacity='0.5' overlay_color='' overlay_pattern='' overlay_custom_pattern='' shadow='no-border-styling' bottom_border='no-border-styling' bottom_border_diagonal_color='#333333' bottom_border_diagonal_direction='' bottom_border_style='' custom_arrow_bg='' id='kontakt' custom_class='' aria_label='' av_element_hidden_in_editor='0' av_uid='av-m3h7f']\r\n\r\n[av_two_fifth first min_height='av-equal-height-column' vertical_alignment='av-align-middle' space='' row_boxshadow_color='' row_boxshadow_width='10' margin='0px' margin_sync='true' mobile_breaking='' border='' border_color='' radius='0px' radius_sync='true' padding='0px' padding_sync='true' column_boxshadow_color='' column_boxshadow_width='10' background='bg_color' background_color='' background_gradient_color1='' background_gradient_color2='' background_gradient_direction='vertical' src='' attachment='' attachment_size='' background_position='top left' background_repeat='no-repeat' highlight_size='1.1' animation='' link='' linktarget='' link_hover='' title_attr='' alt_attr='' mobile_display='' id='' custom_class='' aria_label='' av_uid='av-df5dn']\r\n\r\n[av_textblock size='' av-medium-font-size='' av-small-font-size='' av-mini-font-size='' font_color='' color='' id='' custom_class='' av_uid='av-z9x7' admin_preview_bg='']\r\n<h2><strong>CLJ Services O\u00dc<\/strong><\/h2>\r\n<strong>Reg. koodi:<\/strong> 11032150 \/\u00a0Suomessa: Y-2088584-6\r\n<strong>KMKR:<\/strong> EE100926631\r\n<strong> Osoite:<\/strong> Malm\u00f6 21, P\u00e4rnu, Viro\r\n<strong>S-posti:<\/strong> info@clj.ee\r\n\r\n<strong>Johtaja:<\/strong> +372 5556 9809 | inge@clj.ee\r\n<strong>Sihteeri:<\/strong> +372 5359 3910 | merle@clj.ee\r\n<strong>Kirjanpit\u00e4j\u00e4 apulainen:<\/strong> +372 5554 5671 | piret@clj.ee\r\n<strong>Kirjanpit\u00e4j\u00e4:<\/strong> +372 5343 5987 | raamat@clj.ee\r\n<strong>Myyntip\u00e4\u00e4llikk\u00f6:\u00a0<\/strong>+358 4017 30070 | tomi@clj.ee\r\n+358 4035 06923 | artur@clj.ee\r\n[\/av_textblock]\r\n\r\n[\/av_two_fifth][av_one_fourth min_height='av-equal-height-column' vertical_alignment='av-align-middle' space='' row_boxshadow_color='' row_boxshadow_width='10' margin='0px' margin_sync='true' mobile_breaking='' border='' border_color='' radius='0px' radius_sync='true' padding='0px' padding_sync='true' column_boxshadow_color='' column_boxshadow_width='10' background='bg_color' background_color='' background_gradient_color1='' background_gradient_color2='' background_gradient_direction='vertical' src='' attachment='' attachment_size='' background_position='top left' background_repeat='no-repeat' highlight_size='1.1' animation='' link='' linktarget='' link_hover='' title_attr='' alt_attr='' mobile_display='' id='' custom_class='' aria_label='' av_uid='av-df5dn']\r\n\r\n[av_image src='http:\/\/clj.ee\/fi\/wp-content\/uploads\/2020\/10\/CLJ-S-logo.png' attachment='1140' attachment_size='full' copyright='' caption='' styling='' align='center' font_size='' overlay_opacity='0.4' overlay_color='#000000' overlay_text_color='#ffffff' animation='no-animation' hover='' appearance='' link='' target='' id='' custom_class='' av_element_hidden_in_editor='0' av_uid='av-kfqr60bn' admin_preview_bg=''][\/av_image]\r\n\r\n[\/av_one_fourth][av_one_third min_height='' vertical_alignment='' space='' row_boxshadow='' row_boxshadow_color='' row_boxshadow_width='10' custom_margin='' margin='0px' mobile_breaking='' border='' border_color='' radius='0px' padding='0px' column_boxshadow='' column_boxshadow_color='' column_boxshadow_width='10' background='bg_color' background_color='' background_gradient_color1='' background_gradient_color2='' background_gradient_direction='vertical' src='' background_position='top left' background_repeat='no-repeat' highlight='' highlight_size='' animation='' link='' linktarget='' link_hover='' title_attr='' alt_attr='' mobile_display='' id='' custom_class='' aria_label='' av_uid='av-df5dn']\r\n\r\n[av_image src='http:\/\/clj.ee\/fi\/wp-content\/uploads\/2020\/10\/kleebised.jpg' attachment='1121' attachment_size='full' copyright='' caption='' styling='' align='center' font_size='' overlay_opacity='0.4' overlay_color='#000000' overlay_text_color='#ffffff' animation='no-animation' hover='' appearance='' link='' target='' id='' custom_class='' av_element_hidden_in_editor='0' av_uid='av-kfqr60bn' admin_preview_bg=''][\/av_image]\r\n\r\n[\/av_one_third][\/av_section]\n","protected":false},"excerpt":{"rendered":"","protected":false},"author":1,"featured_media":0,"parent":0,"menu_order":0,"comment_status":"closed","ping_status":"closed","template":"","meta":{"footnotes":""},"class_list":["post-143","page","type-page","status-publish","hentry"],"_links":{"self":[{"href":"https:\/\/clj.ee\/fi\/wp-json\/wp\/v2\/pages\/143","targetHints":{"allow":["GET"]}}],"collection":[{"href":"https:\/\/clj.ee\/fi\/wp-json\/wp\/v2\/pages"}],"about":[{"href":"https:\/\/clj.ee\/fi\/wp-json\/wp\/v2\/types\/page"}],"author":[{"embeddable":true,"href":"https:\/\/clj.ee\/fi\/wp-json\/wp\/v2\/users\/1"}],"replies":[{"embeddable":true,"href":"https:\/\/clj.ee\/fi\/wp-json\/wp\/v2\/comments?post=143"}],"version-history":[{"count":350,"href":"https:\/\/clj.ee\/fi\/wp-json\/wp\/v2\/pages\/143\/revisions"}],"predecessor-version":[{"id":1264,"href":"https:\/\/clj.ee\/fi\/wp-json\/wp\/v2\/pages\/143\/revisions\/1264"}],"wp:attachment":[{"href":"https:\/\/clj.ee\/fi\/wp-json\/wp\/v2\/media?parent=143"}],"curies":[{"name":"wp","href":"https:\/\/api.w.org\/{rel}","templated":true}]}}